{"id":161,"date":"2021-03-11T17:17:39","date_gmt":"2021-03-11T17:17:39","guid":{"rendered":"https:\/\/smertglobalservices.com\/futurosemergentes\/?post_type=product&#038;p=161"},"modified":"2021-03-26T14:40:30","modified_gmt":"2021-03-26T14:40:30","slug":"master-lab-4-zeca-ruiz","status":"publish","type":"product","link":"https:\/\/smertglobalservices.com\/futurosemergentes\/producto\/master-lab-4-zeca-ruiz\/","title":{"rendered":"Master Lab 4: ZECA RU\u00cdZ"},"content":{"rendered":"<h5 style=\"text-align: center;\"><span class=\"fontstyle0\">El papel de la Autoconsciencia en las Organizaciones Evolutivas (Futuras)<\/span><\/h5>\n<p style=\"text-align: left;\"><span class=\"fontstyle0\"><br \/>\n<\/span><span class=\"fontstyle0\"><strong>Resumen<\/strong><br \/>\n<\/span><span class=\"fontstyle2\">Todos nosotros, en alg\u00fan nivel, ya hemos notado, estamos sintiendo y viendo: Nuestros sistemas corporativos predominantes est\u00e1n muy cerca de colapsar. Pero, <\/span><span class=\"fontstyle3\">\u00bf<\/span><span class=\"fontstyle2\">hay alternativas? Parte del problema es nuestra Perspectiva, vemos el viejo paradigma a punto de morir, pero a\u00fan no vemos lo nuevo, no sabemos lo que viene despu\u00e9s&#8230;<br \/>\nEn este MasterLab hablaremos de los pr\u00f3ximos pasos, de las posibilidades que se abren a un despertar, y avanzar en otro nivel de consciencia en la creaci\u00f3n de una nueva m\u00edstica empresarial y en donde podamos observar ese futuro emergente con la confianza y con el deseo de que podemos contribuir con la creaci\u00f3n y formaci\u00f3n de lo nuevo.<\/span><\/p>\n","protected":false},"excerpt":{"rendered":"<p><span class=\"fontstyle0\"><strong>14 de mayo<\/strong><br \/>\n<\/span>14:00 M\u00e9xico, Per\u00fa, Colombia<br \/>\n15:00 Costa Rica, Chile, NY<br \/>\n16:00 Argentina, Brasil, Uruguay<br \/>\n21:00 Espa\u00f1a\/Europa<\/p>\n","protected":false},"featured_media":151,"template":"","meta":{"_et_pb_use_builder":"off","_et_pb_old_content":"<h5 style=\"text-align: center\">Mapa del Futuro<\/h5>\r\n<strong>Resumen<\/strong>\r\nFuture Mapping herramienta que invierte las ideas existentes para el logro de metas, que parte desde\r\nun lugar diferente, del futuro al presente. Es una tecnolog\u00eda notable para la resoluci\u00f3n de problemas,\r\nla creatividad y la innovaci\u00f3n. El Future Mapping utiliza el sorprendente poder del altruismo, que es\r\nuna \"consideraci\u00f3n desinteresada por el bienestar de los dem\u00e1s\" para apoyar e ir m\u00e1s all\u00e1 de las\r\nmetas. Integra el futuro que planeas con el futuro que emerge. El Future Mapping utiliza procesos\r\ntanto conscientes como no conscientes para reducir la interferencia de la mente consciente. El Future\r\nMapping transforma tu pensamiento en planes de acci\u00f3n que puedes utilizar inmediatamente.\r\nPuedes utilizarlo hoy para fortalecerte m\u00e1s all\u00e1 de tu imaginaci\u00f3n y fluir al encuentro de las metas.\r\nForma fina y sutil de maximizar tu potencial.","_et_gb_content_width":""},"product_cat":[20,17],"product_tag":[],"_links":{"self":[{"href":"https:\/\/smertglobalservices.com\/futurosemergentes\/wp-json\/wp\/v2\/product\/161"}],"collection":[{"href":"https:\/\/smertglobalservices.com\/futurosemergentes\/wp-json\/wp\/v2\/product"}],"about":[{"href":"https:\/\/smertglobalservices.com\/futurosemergentes\/wp-json\/wp\/v2\/types\/product"}],"wp:featuredmedia":[{"embeddable":true,"href":"https:\/\/smertglobalservices.com\/futurosemergentes\/wp-json\/wp\/v2\/media\/151"}],"wp:attachment":[{"href":"https:\/\/smertglobalservices.com\/futurosemergentes\/wp-json\/wp\/v2\/media?parent=161"}],"wp:term":[{"taxonomy":"product_cat","embeddable":true,"href":"https:\/\/smertglobalservices.com\/futurosemergentes\/wp-json\/wp\/v2\/product_cat?post=161"},{"taxonomy":"product_tag","embeddable":true,"href":"https:\/\/smertglobalservices.com\/futurosemergentes\/wp-json\/wp\/v2\/product_tag?post=161"}],"curies":[{"name":"wp","href":"https:\/\/api.w.org\/{rel}","templated":true}]}}