{"id":177,"date":"2021-03-11T17:33:39","date_gmt":"2021-03-11T17:33:39","guid":{"rendered":"https:\/\/smertglobalservices.com\/futurosemergentes\/?post_type=product&#038;p=177"},"modified":"2021-03-26T14:39:16","modified_gmt":"2021-03-26T14:39:16","slug":"master-lab-7-jeffrey-zeig","status":"publish","type":"product","link":"https:\/\/smertglobalservices.com\/futurosemergentes\/producto\/master-lab-7-jeffrey-zeig\/","title":{"rendered":"Master Lab 7: JEFFREY ZEIG"},"content":{"rendered":"<h5 style=\"text-align: center;\"><span class=\"fontstyle0\">El Arte del Impacto Emocional<\/span><\/h5>\n<p><span class=\"fontstyle0\"><br \/>\n<\/span><span class=\"fontstyle0\"><strong>Resumen<\/strong><br \/>\n<\/span><span class=\"fontstyle2\">El arte del impacto emocional es una exploraci\u00f3n que inicio hace d\u00e9cadas, cuando el Dr. Jeffrey Zeig comenz\u00f3 a trazar \u2014 y ahondar sobre \u2014 los matices y las aplicaciones del extraordinario trabajo del Dr. Milton Erickson, y su b\u00fasqueda por evolucionar continuamente un lenguaje terap\u00e9utico acorde a las necesidades y los tiempos de sus clientes.<br \/>\nPara este desarrollo el Dr. Zeig estudio a grandes poetas, compositores y artistas visuales, principalmente cineastas, para comprender mejor la gram\u00e1tica de lo que produce un impacto emocional y en muchas ocasiones un cambio de percepci\u00f3n, comportamiento y a veces hasta de vida.<br \/>\nEn palabras de Jeff, <\/span><span class=\"fontstyle3\">\u201c<\/span><span class=\"fontstyle2\">En ocasiones una obra de arte, como una narrativa o pel\u00edcula, puede Evocar un cambio m\u00e1s profundo en la vida de alguien que la misma terapia<\/span><span class=\"fontstyle3\">\u201d<br \/>\n<\/span><span class=\"fontstyle2\">Cada vez con mayor frecuencia la intervenci\u00f3n implica rapidez ante lo que el cliente est\u00e1 viviendo y m\u00e1s en estos tiempos de incertidumbre en los que estamos, es por eso que el Arte Del Impacto Emocional nos provee de una perspectiva art\u00edstica de acompa\u00f1ar a otros en estos cambios que vivimos hoy.<br \/>\nHablaremos de arte, de sesiones terap\u00e9uticas del Dr. Milton Erickson, algunos aspectos destacados de esos casos con el objetivo de revelar las incontables maneras de Evocar las resoluciones que ya residen dentro de los consultantes o clientes. Jeff propone que la terapia como tal, sin importar cu\u00e1l sea su paradigma, no puede basarse en la entrega de informaci\u00f3n, sino que debe ofrecer una oportunidad para el surgimiento de la curiosidad y para la realizaci\u00f3n de que las cosas pueden cambiar.<\/span><\/p>\n","protected":false},"excerpt":{"rendered":"<p><span class=\"fontstyle0\"><strong>15 de mayo<\/strong><br \/>\n<\/span>12:00 M\u00e9xico, Per\u00fa, Colombia<br \/>\n13:00 Costa Rica, Chile, NY<br \/>\n14:00 Argentina, Brasil, Uruguay<br \/>\n19:00 Espa\u00f1a\/Europa<\/p>\n","protected":false},"featured_media":144,"template":"","meta":{"_et_pb_use_builder":"off","_et_pb_old_content":"<h5 style=\"text-align: center\">Mapa del Futuro<\/h5>\r\n<strong>Resumen<\/strong>\r\nFuture Mapping herramienta que invierte las ideas existentes para el logro de metas, que parte desde\r\nun lugar diferente, del futuro al presente. Es una tecnolog\u00eda notable para la resoluci\u00f3n de problemas,\r\nla creatividad y la innovaci\u00f3n. El Future Mapping utiliza el sorprendente poder del altruismo, que es\r\nuna \"consideraci\u00f3n desinteresada por el bienestar de los dem\u00e1s\" para apoyar e ir m\u00e1s all\u00e1 de las\r\nmetas. Integra el futuro que planeas con el futuro que emerge. El Future Mapping utiliza procesos\r\ntanto conscientes como no conscientes para reducir la interferencia de la mente consciente. El Future\r\nMapping transforma tu pensamiento en planes de acci\u00f3n que puedes utilizar inmediatamente.\r\nPuedes utilizarlo hoy para fortalecerte m\u00e1s all\u00e1 de tu imaginaci\u00f3n y fluir al encuentro de las metas.\r\nForma fina y sutil de maximizar tu potencial.","_et_gb_content_width":""},"product_cat":[21,17],"product_tag":[],"_links":{"self":[{"href":"https:\/\/smertglobalservices.com\/futurosemergentes\/wp-json\/wp\/v2\/product\/177"}],"collection":[{"href":"https:\/\/smertglobalservices.com\/futurosemergentes\/wp-json\/wp\/v2\/product"}],"about":[{"href":"https:\/\/smertglobalservices.com\/futurosemergentes\/wp-json\/wp\/v2\/types\/product"}],"wp:featuredmedia":[{"embeddable":true,"href":"https:\/\/smertglobalservices.com\/futurosemergentes\/wp-json\/wp\/v2\/media\/144"}],"wp:attachment":[{"href":"https:\/\/smertglobalservices.com\/futurosemergentes\/wp-json\/wp\/v2\/media?parent=177"}],"wp:term":[{"taxonomy":"product_cat","embeddable":true,"href":"https:\/\/smertglobalservices.com\/futurosemergentes\/wp-json\/wp\/v2\/product_cat?post=177"},{"taxonomy":"product_tag","embeddable":true,"href":"https:\/\/smertglobalservices.com\/futurosemergentes\/wp-json\/wp\/v2\/product_tag?post=177"}],"curies":[{"name":"wp","href":"https:\/\/api.w.org\/{rel}","templated":true}]}}