{"id":178,"date":"2021-03-11T17:35:12","date_gmt":"2021-03-11T17:35:12","guid":{"rendered":"https:\/\/smertglobalservices.com\/futurosemergentes\/?post_type=product&#038;p=178"},"modified":"2021-03-26T14:40:40","modified_gmt":"2021-03-26T14:40:40","slug":"master-lab-8-sergio-hernandez","status":"publish","type":"product","link":"https:\/\/smertglobalservices.com\/futurosemergentes\/producto\/master-lab-8-sergio-hernandez\/","title":{"rendered":"Master Lab 8: SERGIO HERN\u00c1NDEZ"},"content":{"rendered":"<h5 style=\"text-align: center;\"><span class=\"fontstyle0\">Historias para un futuro abierto<\/span><\/h5>\n<p><span class=\"fontstyle0\"><br \/>\n<\/span><span class=\"fontstyle0\"><strong>Resumen<\/strong><br \/>\n<\/span><span class=\"fontstyle2\">Funci\u00f3n de narraci\u00f3n oral y MasterLab utilizando el poder de las historias para navegar con fortaleza, amor y libertad por el asombroso mar abierto del futuro.<br \/>\nUtilizando narrativa y programaci\u00f3n neuroling\u00fc\u00edstica reflexionaremos e integraremos herramientas para tener mayor claridad en nuestra direcci\u00f3n, confianza en los pensamientos que nos gu\u00edan, y un contacto m\u00e1s pleno con el amor, la fuerza y la libertad.<\/span><\/p>\n","protected":false},"excerpt":{"rendered":"<p><span class=\"fontstyle0\"><strong>15 de mayo<\/strong><br \/>\n<\/span>14:00 M\u00e9xico, Per\u00fa, Colombia<br \/>\n15:00 Costa Rica, Chile, NY<br \/>\n16:00 Argentina, Brasil, Uruguay<br \/>\n21:00 Espa\u00f1a\/Europa<\/p>\n","protected":false},"featured_media":150,"template":"","meta":{"_et_pb_use_builder":"off","_et_pb_old_content":"<h5 style=\"text-align: center\">Mapa del Futuro<\/h5>\r\n<strong>Resumen<\/strong>\r\nFuture Mapping herramienta que invierte las ideas existentes para el logro de metas, que parte desde\r\nun lugar diferente, del futuro al presente. Es una tecnolog\u00eda notable para la resoluci\u00f3n de problemas,\r\nla creatividad y la innovaci\u00f3n. El Future Mapping utiliza el sorprendente poder del altruismo, que es\r\nuna \"consideraci\u00f3n desinteresada por el bienestar de los dem\u00e1s\" para apoyar e ir m\u00e1s all\u00e1 de las\r\nmetas. Integra el futuro que planeas con el futuro que emerge. El Future Mapping utiliza procesos\r\ntanto conscientes como no conscientes para reducir la interferencia de la mente consciente. El Future\r\nMapping transforma tu pensamiento en planes de acci\u00f3n que puedes utilizar inmediatamente.\r\nPuedes utilizarlo hoy para fortalecerte m\u00e1s all\u00e1 de tu imaginaci\u00f3n y fluir al encuentro de las metas.\r\nForma fina y sutil de maximizar tu potencial.","_et_gb_content_width":""},"product_cat":[21,17],"product_tag":[],"_links":{"self":[{"href":"https:\/\/smertglobalservices.com\/futurosemergentes\/wp-json\/wp\/v2\/product\/178"}],"collection":[{"href":"https:\/\/smertglobalservices.com\/futurosemergentes\/wp-json\/wp\/v2\/product"}],"about":[{"href":"https:\/\/smertglobalservices.com\/futurosemergentes\/wp-json\/wp\/v2\/types\/product"}],"wp:featuredmedia":[{"embeddable":true,"href":"https:\/\/smertglobalservices.com\/futurosemergentes\/wp-json\/wp\/v2\/media\/150"}],"wp:attachment":[{"href":"https:\/\/smertglobalservices.com\/futurosemergentes\/wp-json\/wp\/v2\/media?parent=178"}],"wp:term":[{"taxonomy":"product_cat","embeddable":true,"href":"https:\/\/smertglobalservices.com\/futurosemergentes\/wp-json\/wp\/v2\/product_cat?post=178"},{"taxonomy":"product_tag","embeddable":true,"href":"https:\/\/smertglobalservices.com\/futurosemergentes\/wp-json\/wp\/v2\/product_tag?post=178"}],"curies":[{"name":"wp","href":"https:\/\/api.w.org\/{rel}","templated":true}]}}