{"id":182,"date":"2021-03-11T17:41:12","date_gmt":"2021-03-11T17:41:12","guid":{"rendered":"https:\/\/smertglobalservices.com\/futurosemergentes\/?post_type=product&#038;p=182"},"modified":"2021-03-26T14:40:47","modified_gmt":"2021-03-26T14:40:47","slug":"master-lab-12-alex-vesely-frankl","status":"publish","type":"product","link":"https:\/\/smertglobalservices.com\/futurosemergentes\/producto\/master-lab-12-alex-vesely-frankl\/","title":{"rendered":"Master Lab 12: ALEX VESELY FRANKL"},"content":{"rendered":"<h5 style=\"text-align: center;\">\u00a0<span class=\"fontstyle0\">Viktor y yo<\/span><\/h5>\n<p><span class=\"fontstyle2\"><br \/>\n<\/span><span class=\"fontstyle0\"><strong>Resumen<\/strong><br \/>\n<\/span><span class=\"fontstyle0\">Viktor Frankl es reconocido no s\u00f3lo por haber sobrevivido el Holocausto, sino por haber descubierto c\u00f3mo el dolor, cuando \u00e9ste no puede evitarse, puede llevarle a la persona a encontrar su sentido en la vida. El dolor, como expresa Alexander Vesely (nieto de Viktor Frankl) es universal y su abuelo pas\u00f3 la experiencia de \u00e9l al estar en un campo de concentraci\u00f3n, pero pudo haber sido cualquier otro padecimiento, el Dr. Frankl hubiera seguido siendo el creador de la Logoterapia, este enfoque que pone en el centro el darle sentido a la vida. \u00c9l entendi\u00f3 el sufrimiento, pas\u00f3 por \u00e9l y comprendi\u00f3 que es algo que no se puede dejar de experimentar.<\/span><\/p>\n<p>En este MasterLab, de la mano de Alex experimentaremos ese encuentro con las preguntas que pueden darle sentido a nuestra vida en momentos de dolor, p\u00e9rdidas, angustia y m\u00e1s que estamos viviendo todos como humanidad. As\u00ed tambi\u00e9n indagaremos en c\u00f3mo El futuro es la fuerza que impuls\u00f3 al mismo doctor Frankl y de c\u00f3mo el Futuro es lo que nos impulsa a todos a darle sentido a la existencia misma.<\/p>\n","protected":false},"excerpt":{"rendered":"<p><span class=\"fontstyle0\"><strong>16 de mayo<\/strong><br \/>\n<\/span>14:00 M\u00e9xico, Per\u00fa, Colombia<br \/>\n15:00 Costa Rica, Chile, NY<br \/>\n16:00 Argentina, Brasil, Uruguay<br \/>\n21:00 Espa\u00f1a\/Europa<\/p>\n","protected":false},"featured_media":152,"template":"","meta":{"_et_pb_use_builder":"off","_et_pb_old_content":"<h5 style=\"text-align: center\">Mapa del Futuro<\/h5>\r\n<strong>Resumen<\/strong>\r\nFuture Mapping herramienta que invierte las ideas existentes para el logro de metas, que parte desde\r\nun lugar diferente, del futuro al presente. Es una tecnolog\u00eda notable para la resoluci\u00f3n de problemas,\r\nla creatividad y la innovaci\u00f3n. El Future Mapping utiliza el sorprendente poder del altruismo, que es\r\nuna \"consideraci\u00f3n desinteresada por el bienestar de los dem\u00e1s\" para apoyar e ir m\u00e1s all\u00e1 de las\r\nmetas. Integra el futuro que planeas con el futuro que emerge. El Future Mapping utiliza procesos\r\ntanto conscientes como no conscientes para reducir la interferencia de la mente consciente. El Future\r\nMapping transforma tu pensamiento en planes de acci\u00f3n que puedes utilizar inmediatamente.\r\nPuedes utilizarlo hoy para fortalecerte m\u00e1s all\u00e1 de tu imaginaci\u00f3n y fluir al encuentro de las metas.\r\nForma fina y sutil de maximizar tu potencial.","_et_gb_content_width":""},"product_cat":[22,17],"product_tag":[],"_links":{"self":[{"href":"https:\/\/smertglobalservices.com\/futurosemergentes\/wp-json\/wp\/v2\/product\/182"}],"collection":[{"href":"https:\/\/smertglobalservices.com\/futurosemergentes\/wp-json\/wp\/v2\/product"}],"about":[{"href":"https:\/\/smertglobalservices.com\/futurosemergentes\/wp-json\/wp\/v2\/types\/product"}],"wp:featuredmedia":[{"embeddable":true,"href":"https:\/\/smertglobalservices.com\/futurosemergentes\/wp-json\/wp\/v2\/media\/152"}],"wp:attachment":[{"href":"https:\/\/smertglobalservices.com\/futurosemergentes\/wp-json\/wp\/v2\/media?parent=182"}],"wp:term":[{"taxonomy":"product_cat","embeddable":true,"href":"https:\/\/smertglobalservices.com\/futurosemergentes\/wp-json\/wp\/v2\/product_cat?post=182"},{"taxonomy":"product_tag","embeddable":true,"href":"https:\/\/smertglobalservices.com\/futurosemergentes\/wp-json\/wp\/v2\/product_tag?post=182"}],"curies":[{"name":"wp","href":"https:\/\/api.w.org\/{rel}","templated":true}]}}