{"id":95,"date":"2021-03-09T17:07:17","date_gmt":"2021-03-09T17:07:17","guid":{"rendered":"https:\/\/smertglobalservices.com\/futurosemergentes\/?post_type=product&#038;p=95"},"modified":"2021-03-26T14:39:31","modified_gmt":"2021-03-26T14:39:31","slug":"master-lab-2-paul-scheele","status":"publish","type":"product","link":"https:\/\/smertglobalservices.com\/futurosemergentes\/producto\/master-lab-2-paul-scheele\/","title":{"rendered":"Master Lab 3: PAUL R. SCHEELE, PhD"},"content":{"rendered":"<h5 style=\"text-align: center;\">Mapa del Futuro<\/h5>\n<p><strong>Resumen<\/strong><br \/>\nFuture Mapping herramienta que invierte las ideas existentes para el logro de metas, que parte desde un lugar diferente, del futuro al presente. Es una tecnolog\u00eda notable para la resoluci\u00f3n de problemas, la creatividad y la innovaci\u00f3n. El Future Mapping utiliza el sorprendente poder del altruismo, que es una \u00abconsideraci\u00f3n desinteresada por el bienestar de los dem\u00e1s\u00bb para apoyar e ir m\u00e1s all\u00e1 de las metas. Integra el futuro que planeas con el futuro que emerge. El Future Mapping utiliza procesos tanto conscientes como no conscientes para reducir la interferencia de la mente consciente. El Future Mapping transforma tu pensamiento en planes de acci\u00f3n que puedes utilizar inmediatamente. Puedes utilizarlo hoy para fortalecerte m\u00e1s all\u00e1 de tu imaginaci\u00f3n y fluir al encuentro de las metas. Forma fina y sutil de maximizar tu potencial.<\/p>\n","protected":false},"excerpt":{"rendered":"<p><strong>14 de Mayo<\/strong><br \/>\n12:00 M\u00e9xico, Per\u00fa, Colombia<br \/>\n13:00 Costa Rica, Chile, NY<br \/>\n14:00 Argentina, Brasil, Uruguay<br \/>\n19:00 Espa\u00f1a\/Europa<\/p>\n","protected":false},"featured_media":149,"template":"","meta":{"_et_pb_use_builder":"off","_et_pb_old_content":"<h5 style=\"text-align: center\">Mapa del Futuro<\/h5>\r\n<strong>Resumen<\/strong>\r\nFuture Mapping herramienta que invierte las ideas existentes para el logro de metas, que parte desde\r\nun lugar diferente, del futuro al presente. Es una tecnolog\u00eda notable para la resoluci\u00f3n de problemas,\r\nla creatividad y la innovaci\u00f3n. El Future Mapping utiliza el sorprendente poder del altruismo, que es\r\nuna \"consideraci\u00f3n desinteresada por el bienestar de los dem\u00e1s\" para apoyar e ir m\u00e1s all\u00e1 de las\r\nmetas. Integra el futuro que planeas con el futuro que emerge. El Future Mapping utiliza procesos\r\ntanto conscientes como no conscientes para reducir la interferencia de la mente consciente. El Future\r\nMapping transforma tu pensamiento en planes de acci\u00f3n que puedes utilizar inmediatamente.\r\nPuedes utilizarlo hoy para fortalecerte m\u00e1s all\u00e1 de tu imaginaci\u00f3n y fluir al encuentro de las metas.\r\nForma fina y sutil de maximizar tu potencial.","_et_gb_content_width":""},"product_cat":[20,17],"product_tag":[],"_links":{"self":[{"href":"https:\/\/smertglobalservices.com\/futurosemergentes\/wp-json\/wp\/v2\/product\/95"}],"collection":[{"href":"https:\/\/smertglobalservices.com\/futurosemergentes\/wp-json\/wp\/v2\/product"}],"about":[{"href":"https:\/\/smertglobalservices.com\/futurosemergentes\/wp-json\/wp\/v2\/types\/product"}],"wp:featuredmedia":[{"embeddable":true,"href":"https:\/\/smertglobalservices.com\/futurosemergentes\/wp-json\/wp\/v2\/media\/149"}],"wp:attachment":[{"href":"https:\/\/smertglobalservices.com\/futurosemergentes\/wp-json\/wp\/v2\/media?parent=95"}],"wp:term":[{"taxonomy":"product_cat","embeddable":true,"href":"https:\/\/smertglobalservices.com\/futurosemergentes\/wp-json\/wp\/v2\/product_cat?post=95"},{"taxonomy":"product_tag","embeddable":true,"href":"https:\/\/smertglobalservices.com\/futurosemergentes\/wp-json\/wp\/v2\/product_tag?post=95"}],"curies":[{"name":"wp","href":"https:\/\/api.w.org\/{rel}","templated":true}]}}